{"id":1025,"date":"2022-09-19T20:40:03","date_gmt":"2022-09-19T23:40:03","guid":{"rendered":"https:\/\/ispmacia-ers.infd.edu.ar\/sitio\/?page_id=1025"},"modified":"2024-04-05T20:12:10","modified_gmt":"2024-04-05T23:12:10","slug":"regimen-academico-marco","status":"publish","type":"page","link":"https:\/\/ispmacia-ers.infd.edu.ar\/sitio\/regimen-academico-marco\/","title":{"rendered":"R\u00e9gimen Acad\u00e9mico Marco"},"content":{"rendered":"\n<p>Haga click <strong><a href=\"https:\/\/drive.google.com\/file\/d\/1x7drgFw7Dm1Ju_-AgB9eciX1UCFrPTxo\/view?usp=sharing\" data-type=\"URL\" data-id=\"https:\/\/drive.google.com\/file\/d\/1x7drgFw7Dm1Ju_-AgB9eciX1UCFrPTxo\/view?usp=sharing\">aqui<\/a> <\/strong>para decargar la Resoluci\u00f3n 0249-24 C.G.E. del R\u00e9gimen Acad\u00e9mico Marco (RAM).<\/p>\n","protected":false},"excerpt":{"rendered":"<p>Haga click aqui para decargar la Resoluci\u00f3n 0249-24 C.G.E. del R\u00e9gimen Acad\u00e9mico Marco (RAM).<\/p>\n","protected":false},"author":17,"featured_media":0,"parent":0,"menu_order":0,"comment_status":"closed","ping_status":"closed","template":"","meta":[],"acf":[],"_links":{"self":[{"href":"https:\/\/ispmacia-ers.infd.edu.ar\/sitio\/wp-json\/wp\/v2\/pages\/1025"}],"collection":[{"href":"https:\/\/ispmacia-ers.infd.edu.ar\/sitio\/wp-json\/wp\/v2\/pages"}],"about":[{"href":"https:\/\/ispmacia-ers.infd.edu.ar\/sitio\/wp-json\/wp\/v2\/types\/page"}],"author":[{"embeddable":true,"href":"https:\/\/ispmacia-ers.infd.edu.ar\/sitio\/wp-json\/wp\/v2\/users\/17"}],"replies":[{"embeddable":true,"href":"https:\/\/ispmacia-ers.infd.edu.ar\/sitio\/wp-json\/wp\/v2\/comments?post=1025"}],"version-history":[{"count":5,"href":"https:\/\/ispmacia-ers.infd.edu.ar\/sitio\/wp-json\/wp\/v2\/pages\/1025\/revisions"}],"predecessor-version":[{"id":1059,"href":"https:\/\/ispmacia-ers.infd.edu.ar\/sitio\/wp-json\/wp\/v2\/pages\/1025\/revisions\/1059"}],"wp:attachment":[{"href":"https:\/\/ispmacia-ers.infd.edu.ar\/sitio\/wp-json\/wp\/v2\/media?parent=1025"}],"curies":[{"name":"wp","href":"https:\/\/api.w.org\/{rel}","templated":true}]}}