{"id":745,"date":"2018-08-30T13:49:11","date_gmt":"2018-08-30T16:49:11","guid":{"rendered":"https:\/\/ispmacia-ers.infd.edu.ar\/sitio\/informacion-para-estudiantes\/"},"modified":"2019-02-04T13:30:26","modified_gmt":"2019-02-04T16:30:26","slug":"informacion-para-estudiantes","status":"publish","type":"page","link":"https:\/\/ispmacia-ers.infd.edu.ar\/sitio\/informacion-para-estudiantes\/","title":{"rendered":"Informaci\u00f3n para estudiantes"},"content":{"rendered":"<p>Atenci\u00f3n:<\/p>\n<p>Se informa BREVE Marco Cronol\u00f3gico de Actividades del Nivel Superior. Res. N\u00b0 4950\/18 CGE y Disposici\u00f3n N\u00b0 29 DES.<\/p>\n<p>ALUMNOS REGULARES:<span class=\"text_exposed_show\"><br \/>\n* D\u00edas 19 y 20 inscripci\u00f3n a Mesas Evaluadoras Finales.<br \/>\n* D\u00edas 21\/02 al 08\/03 Mesas Evaluadoras Finales (2 LLamados).<br \/>\n* D\u00eda 11\/03 Inicio 1\u00b0 Cuatrimestre alumnos de 2\u00b0, 3\u00b0 (Tecnicatura) y 4\u00b0 A\u00f1o (Profesorados)<\/span><\/p>\n<div class=\"text_exposed_show\">\n<p>ALUMNOS INGRESANTES:<br \/>\n*D\u00edas 25\/02 al 08\/03 periodo de Inscripci\u00f3n y confirmaci\u00f3n de Inscripci\u00f3n a Carreras del ISFD.<br \/>\n*D\u00edas 11\/03 al 29\/03 comienza Ciclo Introductorio.<\/p>\n<p>Por consultas dirigirse personalmente, a partir del d\u00eda 19\/02, a la sede del ISFD, ubicada en calle 9 de julio 273 de \u00e9sta Ciudad en el horario de 18:00 a 21:00 hs.<br \/>\nSe solicita difundir.<br \/>\nAtte.-<\/p>\n<\/div>\n","protected":false},"excerpt":{"rendered":"<p>Atenci\u00f3n: Se informa BREVE Marco Cronol\u00f3gico de Actividades del Nivel Superior. Res. N\u00b0 4950\/18 CGE y Disposici\u00f3n N\u00b0 29 DES. ALUMNOS REGULARES: * D\u00edas 19 y 20 inscripci\u00f3n a Mesas Evaluadoras Finales. * D\u00edas 21\/02 al 08\/03 Mesas Evaluadoras Finales (2 LLamados). * D\u00eda 11\/03 Inicio 1\u00b0 Cuatrimestre alumnos de 2\u00b0, 3\u00b0 (Tecnicatura) y 4\u00b0 &#8230; <a title=\"Informaci\u00f3n para estudiantes\" class=\"read-more\" href=\"https:\/\/ispmacia-ers.infd.edu.ar\/sitio\/informacion-para-estudiantes\/\" aria-label=\"More on Informaci\u00f3n para estudiantes\">[+]<\/a><\/p>\n","protected":false},"author":79,"featured_media":0,"parent":0,"menu_order":0,"comment_status":"closed","ping_status":"closed","template":"","meta":[],"acf":[],"_links":{"self":[{"href":"https:\/\/ispmacia-ers.infd.edu.ar\/sitio\/wp-json\/wp\/v2\/pages\/745"}],"collection":[{"href":"https:\/\/ispmacia-ers.infd.edu.ar\/sitio\/wp-json\/wp\/v2\/pages"}],"about":[{"href":"https:\/\/ispmacia-ers.infd.edu.ar\/sitio\/wp-json\/wp\/v2\/types\/page"}],"author":[{"embeddable":true,"href":"https:\/\/ispmacia-ers.infd.edu.ar\/sitio\/wp-json\/wp\/v2\/users\/79"}],"replies":[{"embeddable":true,"href":"https:\/\/ispmacia-ers.infd.edu.ar\/sitio\/wp-json\/wp\/v2\/comments?post=745"}],"version-history":[{"count":1,"href":"https:\/\/ispmacia-ers.infd.edu.ar\/sitio\/wp-json\/wp\/v2\/pages\/745\/revisions"}],"predecessor-version":[{"id":809,"href":"https:\/\/ispmacia-ers.infd.edu.ar\/sitio\/wp-json\/wp\/v2\/pages\/745\/revisions\/809"}],"wp:attachment":[{"href":"https:\/\/ispmacia-ers.infd.edu.ar\/sitio\/wp-json\/wp\/v2\/media?parent=745"}],"curies":[{"name":"wp","href":"https:\/\/api.w.org\/{rel}","templated":true}]}}