{"id":771,"date":"2018-08-30T13:49:19","date_gmt":"2018-08-30T16:49:19","guid":{"rendered":"https:\/\/ispmacia-ers.infd.edu.ar\/sitio\/requisitos-de-ingreso\/"},"modified":"2019-02-04T13:22:34","modified_gmt":"2019-02-04T16:22:34","slug":"requisitos-de-ingreso","status":"publish","type":"page","link":"https:\/\/ispmacia-ers.infd.edu.ar\/sitio\/requisitos-de-ingreso\/","title":{"rendered":"Requisitos de Ingreso"},"content":{"rendered":"<div class=\"Section1\">\n<p style=\"text-align: center;\">\n<p><span style=\"font-size: 10pt; font-family: verdana, geneva;\"><strong>Documentaci\u00f3n para el ingreso:<\/strong><\/span><\/p>\n<ul>\n<li><span style=\"font-size: 10pt; font-family: verdana, geneva;\">Completar Ficha \u00danica de Inscripci\u00f3n.<\/span><\/li>\n<li><span style=\"font-size: 10pt; font-family: verdana, geneva;\">Certificado de Finalizaci\u00f3n de estudios Secundarios debidamente legalizado o Fotocopia autenticada de T\u00edtulo de Educaci\u00f3n Secundaria.<\/span><\/li>\n<li><span style=\"font-size: 10pt; font-family: verdana, geneva;\">Fotocopia Documento Nacional \u00danico.<\/span><\/li>\n<li><span style=\"font-size: 10pt; font-family: verdana, geneva;\">Fotocopia de C.U.I.L<\/span><\/li>\n<li><span style=\"font-size: 10pt; font-family: verdana, geneva;\">2 fotos color, una para libreta y otra para legajo personal.<\/span><\/li>\n<\/ul>\n<\/div>\n","protected":false},"excerpt":{"rendered":"<p>Documentaci\u00f3n para el ingreso: Completar Ficha \u00danica de Inscripci\u00f3n. Certificado de Finalizaci\u00f3n de estudios Secundarios debidamente legalizado o Fotocopia autenticada de T\u00edtulo de Educaci\u00f3n Secundaria. Fotocopia Documento Nacional \u00danico. Fotocopia de C.U.I.L 2 fotos color, una para libreta y otra para legajo personal.<\/p>\n","protected":false},"author":79,"featured_media":0,"parent":0,"menu_order":0,"comment_status":"closed","ping_status":"closed","template":"","meta":[],"acf":[],"_links":{"self":[{"href":"https:\/\/ispmacia-ers.infd.edu.ar\/sitio\/wp-json\/wp\/v2\/pages\/771"}],"collection":[{"href":"https:\/\/ispmacia-ers.infd.edu.ar\/sitio\/wp-json\/wp\/v2\/pages"}],"about":[{"href":"https:\/\/ispmacia-ers.infd.edu.ar\/sitio\/wp-json\/wp\/v2\/types\/page"}],"author":[{"embeddable":true,"href":"https:\/\/ispmacia-ers.infd.edu.ar\/sitio\/wp-json\/wp\/v2\/users\/79"}],"replies":[{"embeddable":true,"href":"https:\/\/ispmacia-ers.infd.edu.ar\/sitio\/wp-json\/wp\/v2\/comments?post=771"}],"version-history":[{"count":1,"href":"https:\/\/ispmacia-ers.infd.edu.ar\/sitio\/wp-json\/wp\/v2\/pages\/771\/revisions"}],"predecessor-version":[{"id":808,"href":"https:\/\/ispmacia-ers.infd.edu.ar\/sitio\/wp-json\/wp\/v2\/pages\/771\/revisions\/808"}],"wp:attachment":[{"href":"https:\/\/ispmacia-ers.infd.edu.ar\/sitio\/wp-json\/wp\/v2\/media?parent=771"}],"curies":[{"name":"wp","href":"https:\/\/api.w.org\/{rel}","templated":true}]}}