{"id":777,"date":"2018-08-30T13:49:21","date_gmt":"2018-08-30T16:49:21","guid":{"rendered":"https:\/\/ispmacia-ers.infd.edu.ar\/sitio\/autoridades\/"},"modified":"2025-11-05T20:37:18","modified_gmt":"2025-11-05T23:37:18","slug":"autoridades","status":"publish","type":"page","link":"https:\/\/ispmacia-ers.infd.edu.ar\/sitio\/autoridades\/","title":{"rendered":"Autoridades"},"content":{"rendered":"<p><img decoding=\"async\" loading=\"lazy\" style=\"display: block; border: 0px; margin-left: auto; margin-right: auto;\" src=\"https:\/\/maestrolicenciado.files.wordpress.com\/2016\/05\/separador-clc3a1sico.png?w=672\" width=\"543\" height=\"59\" border=\"0\" \/><\/p>\n<ul>\n<li><strong style=\"font-family: arial, helvetica, sans-serif; font-size: 12pt;\">Rectora: Carricaburo, Mar\u00eda Soledad.-<\/strong><\/li>\n<li><strong style=\"font-family: arial, helvetica, sans-serif; font-size: 12pt;\">Secretaria de Instituto: Heffel <strong><span style=\"font-family: arial, helvetica, sans-serif; font-size: 12pt;\">J\u00e9sica<\/span><\/strong><strong><span style=\"font-family: arial, helvetica, sans-serif; font-size: 12pt;\">.-<\/span><\/strong><\/strong><\/li>\n<li><strong style=\"font-family: arial, helvetica, sans-serif; font-size: 12pt;\">S<\/strong><strong><span style=\"font-family: arial, helvetica, sans-serif; font-size: 12pt;\">ecretaria Acad\u00e9mica: Gervasoni Vanesa Betiana.-<\/span><\/strong><\/li>\n<li><strong><span style=\"font-family: arial, helvetica, sans-serif; font-size: 12pt;\">Preceptora: Weber <strong style=\"font-family: arial, helvetica, sans-serif; font-size: 12pt;\">Leticia<\/strong>.-\u00a0<\/span><\/strong><\/li>\n<li><strong><span style=\"font-family: arial, helvetica, sans-serif; font-size: 12pt;\">Preceptora: Crettaz Leticia.-<\/span><\/strong><\/li>\n<li><strong><span style=\"font-family: arial, helvetica, sans-serif; font-size: 12pt;\">Administrativa: Albornoz Grisel Ivana.-<\/span><\/strong><\/li>\n<li><strong><span style=\"font-family: arial, helvetica, sans-serif; font-size: 12pt;\">Ordenanza: Ram\u00edrez Gustavo Fabi\u00e1n.-<\/span><\/strong><\/li>\n<\/ul>\n<p><strong><span style=\"font-family: arial, helvetica, sans-serif; font-size: 12pt;\">Consejo Directivo Institucional:<\/span><\/strong><\/p>\n<ul>\n<li><span style=\"font-family: arial, helvetica, sans-serif;\"><span style=\"font-size: 16px;\"><strong>Docentes:<\/strong><\/span><\/span><\/li>\n<\/ul>\n<ol style=\"font-family: arial, helvetica, sans-serif;\">\n<li><strong>Weber, C\u00e9sar Augusto<\/strong><\/li>\n<li><strong>Andreoli, Gladys Ma. In\u00e9s<\/strong><\/li>\n<li><b>Gervasoni, Erika Karen<\/b><\/li>\n<li><strong>Gatti, Germ\u00e1n Ezequiel<\/strong><\/li>\n<\/ol>\n<ul>\n<li><span style=\"font-size: 16px;\"><strong>Estudiantes:<\/strong><\/span><\/li>\n<\/ul>\n<ol>\n<li><span style=\"font-size: 16px;\"><strong>Rothar, Danisa<\/strong><\/span><\/li>\n<li><strong>Skubij, Pamela<\/strong><\/li>\n<\/ol>\n<p style=\"text-align: center;\"><span style=\"text-decoration: underline;\"><strong style=\"font-size: 16px; font-family: arial, helvetica, sans-serif;\">Centro de Estudiantes:<\/strong><\/span><span style=\"font-family: arial, helvetica, sans-serif;\"><br \/>\n<\/span><\/p>\n<ul>\n<li><strong style=\"font-size: 16px; font-family: arial, helvetica, sans-serif;\">Presidente: Casta\u00f1eda, Pamela<\/strong><\/li>\n<li><strong style=\"font-size: 16px; font-family: arial, helvetica, sans-serif;\">Vicepresidente: Rom\u00e1n, Evelyn<\/strong><\/li>\n<li><strong style=\"font-size: 16px; font-family: arial, helvetica, sans-serif;\">Secretaria: Pereyra, Abril<\/strong><\/li>\n<li><strong style=\"font-size: 16px; font-family: arial, helvetica, sans-serif;\">Tesorero: Saucedo, Oriana<\/strong><\/li>\n<\/ul>\n<p><strong style=\"font-size: 16px; font-family: arial, helvetica, sans-serif;\">Vocales Titulares:<\/strong><\/p>\n<p>1- Buiatti, Ivana<\/p>\n<p>2- Varliero Iglesias,\u00a0 Ana<\/p>\n<p>3- Cabrera, Sandra<\/p>\n<p>4- Hohle, Mar\u00eda Jos\u00e9<\/p>\n<p><strong>Vocales Suplentes:<\/strong><\/p>\n<p>1- Armoa, Aldana<\/p>\n<p>2- Berezaga, Bianca<\/p>\n<p>3- Rojas, Giuliana<\/p>\n<p>4- Gonzalez, Yazmin<\/p>\n<p>Docente Asesor: Cassaretto Juan Pablo<\/p>\n<p>Colaboradores:<\/p>\n<p>Albornoz, Pilar<\/p>\n<p>Leiva, Lourdes<\/p>\n<p><span style=\"color: #000000; font-family: arial, helvetica, sans-serif; font-size: 12pt;\"><img decoding=\"async\" loading=\"lazy\" style=\"border: 0px; display: block; margin-left: auto; margin-right: auto;\" src=\"https:\/\/ispmacia-ers.infd.edu.ar\/sitio\/wp-content\/uploads\/2018\/08\/Separador_-_Elegante_II.png\" width=\"650\" height=\"15\" border=\"0\" \/><\/span><\/p>\n","protected":false},"excerpt":{"rendered":"<p>Rectora: Carricaburo, Mar\u00eda Soledad.- Secretaria de Instituto: Heffel J\u00e9sica.- Secretaria Acad\u00e9mica: Gervasoni Vanesa Betiana.- Preceptora: Weber Leticia.-\u00a0 Preceptora: Crettaz Leticia.- Administrativa: Albornoz Grisel Ivana.- Ordenanza: Ram\u00edrez Gustavo Fabi\u00e1n.- Consejo Directivo Institucional: Docentes: Weber, C\u00e9sar Augusto Andreoli, Gladys Ma. In\u00e9s Gervasoni, Erika Karen Gatti, Germ\u00e1n Ezequiel Estudiantes: Rothar, Danisa Skubij, Pamela Centro de Estudiantes: Presidente: Casta\u00f1eda, &#8230; <a title=\"Autoridades\" class=\"read-more\" href=\"https:\/\/ispmacia-ers.infd.edu.ar\/sitio\/autoridades\/\" aria-label=\"More on Autoridades\">[+]<\/a><\/p>\n","protected":false},"author":79,"featured_media":0,"parent":0,"menu_order":0,"comment_status":"closed","ping_status":"closed","template":"","meta":[],"acf":[],"_links":{"self":[{"href":"https:\/\/ispmacia-ers.infd.edu.ar\/sitio\/wp-json\/wp\/v2\/pages\/777"}],"collection":[{"href":"https:\/\/ispmacia-ers.infd.edu.ar\/sitio\/wp-json\/wp\/v2\/pages"}],"about":[{"href":"https:\/\/ispmacia-ers.infd.edu.ar\/sitio\/wp-json\/wp\/v2\/types\/page"}],"author":[{"embeddable":true,"href":"https:\/\/ispmacia-ers.infd.edu.ar\/sitio\/wp-json\/wp\/v2\/users\/79"}],"replies":[{"embeddable":true,"href":"https:\/\/ispmacia-ers.infd.edu.ar\/sitio\/wp-json\/wp\/v2\/comments?post=777"}],"version-history":[{"count":17,"href":"https:\/\/ispmacia-ers.infd.edu.ar\/sitio\/wp-json\/wp\/v2\/pages\/777\/revisions"}],"predecessor-version":[{"id":1089,"href":"https:\/\/ispmacia-ers.infd.edu.ar\/sitio\/wp-json\/wp\/v2\/pages\/777\/revisions\/1089"}],"wp:attachment":[{"href":"https:\/\/ispmacia-ers.infd.edu.ar\/sitio\/wp-json\/wp\/v2\/media?parent=777"}],"curies":[{"name":"wp","href":"https:\/\/api.w.org\/{rel}","templated":true}]}}