{"id":779,"date":"2018-08-30T13:49:21","date_gmt":"2018-08-30T16:49:21","guid":{"rendered":"https:\/\/ispmacia-ers.infd.edu.ar\/sitio\/historia\/"},"modified":"2023-05-19T21:31:06","modified_gmt":"2023-05-20T00:31:06","slug":"historia","status":"publish","type":"page","link":"https:\/\/ispmacia-ers.infd.edu.ar\/sitio\/historia\/","title":{"rendered":"Historia"},"content":{"rendered":"\n<figure class=\"wp-block-image size-large\"><img decoding=\"async\" loading=\"lazy\" width=\"1600\" height=\"1200\" src=\"https:\/\/ispmacia-ers.infd.edu.ar\/sitio\/wp-content\/uploads\/2022\/04\/WhatsApp-Image-2022-04-01-at-10.01.34-PM.jpeg\" alt=\"\" class=\"wp-image-965\" srcset=\"https:\/\/ispmacia-ers.infd.edu.ar\/sitio\/wp-content\/uploads\/2022\/04\/WhatsApp-Image-2022-04-01-at-10.01.34-PM.jpeg 1600w, https:\/\/ispmacia-ers.infd.edu.ar\/sitio\/wp-content\/uploads\/2022\/04\/WhatsApp-Image-2022-04-01-at-10.01.34-PM-1000x750.jpeg 1000w, https:\/\/ispmacia-ers.infd.edu.ar\/sitio\/wp-content\/uploads\/2022\/04\/WhatsApp-Image-2022-04-01-at-10.01.34-PM-768x576.jpeg 768w, https:\/\/ispmacia-ers.infd.edu.ar\/sitio\/wp-content\/uploads\/2022\/04\/WhatsApp-Image-2022-04-01-at-10.01.34-PM-1536x1152.jpeg 1536w\" sizes=\"(max-width: 1600px) 100vw, 1600px\" \/><\/figure>\n\n\n<p><\/p>\n<p>Esta instituci\u00f3n educativa surge en el a\u00f1o 1990, bajo el Decreto N\u00b0 0980, donde se establece la apertura de dicha instituci\u00f3n de nivel superior llamado Instituto Superior del Profesorado para la Ense\u00f1anza Primaria, funcionando en el 1er edificio de la Escuela N\u00b0 62 \u201cDr. Delio Panizza\u201d. Esta iniciativa promovida por un grupo de docentes de esta localidad pensando en la posibilidad de estudio para muchos estudiantes de nuestra localidad pudieran continuar form\u00e1ndose en el nivel terciario\/superior, sin tener que trasladarse a otras grandes ciudades.<\/p>\n<p>Los a\u00f1os siguieron transcurriendo y con el esfuerzo de todo el personal docente y no docente que se desempe\u00f1aba y otros que se fueron incorporando se obtiene la apertura en el a\u00f1o 2011 de una Extensi\u00f3n \u00e1ulica en Gdor. Mansilla con la carrera Profesorado para la Educaci\u00f3n Primaria. No obstante en la sede en el a\u00f1o 2014 se abre la carrera de Profesorado de Educaci\u00f3n inicial y en la extensi\u00f3n Prof. de Ciencias pol\u00edticas, teniendo ya el Profesorado de Educaci\u00f3n Inicial.<br>El tiempo avanza y en el a\u00f1o 2017 el instituto se traslada con todas sus dependencias al nuevo edificio de la escuela antes mencionada.<br>En marzo de 2018 con la Resoluci\u00f3n 700, el CENT N\u00b0 50, pasa a depender de este instituto Superior de Formaci\u00f3n docente fortaleci\u00e9ndose al incorporar otra carrera como la Tecnicatura Superior en Administraci\u00f3n de Empresas, reconvirti\u00e9ndose actualmente en Tecnicatura Superior en Administraci\u00f3n P\u00fablica.<br>En mayo de este a\u00f1o se traslada con todas sus dependencias al edificio que deja la Escuela Secundaria N\u00b0 2 \u201cJos\u00e9 Mar\u00eda Paz\u201d donde actualmente desarrolla todas sus actividades de formaci\u00f3n docente y profesional destacando ser el primer instituto de nivel superior en la Provincia con edificio propio.<\/p>\n<p>Llegando en la actualidad a contar 4 carreras: Profesorado de Educaci\u00f3n Primaria, Educaci\u00f3n Inicial, Profesorado de Educaci\u00f3n Secundaria en Lengua y Literatura, y Tecnicatura Superior en Administraci\u00f3n P\u00fablica, siendo una oferta educativa con m\u00e1s de 230 estudiantes y habiendo formado a m\u00e1s de 500 graduados distribuidos a lo largo y a lo ancho del pa\u00eds.<br>Tambi\u00e9n cuenta con una Asociaci\u00f3n Cooperadora Escolar con reconocimiento en el registro provincial de cooperadoras en el CGE. Disposici\u00f3n Departamental N\u00b0 76\/2020.<br>Es una entidad educativa que tiene 31 a\u00f1os de existencia en la comunidad de Maci\u00e1 y proyecta seguir trabajando en la formaci\u00f3n de j\u00f3venes en pos de un futuro mejor.<\/p>\n\n\n<figure class=\"wp-block-image size-large\"><img decoding=\"async\" loading=\"lazy\" width=\"1600\" height=\"1200\" src=\"https:\/\/ispmacia-ers.infd.edu.ar\/sitio\/wp-content\/uploads\/2022\/04\/WhatsApp-Image-2022-04-01-at-10.01.35-PM.jpeg\" alt=\"\" class=\"wp-image-966\" srcset=\"https:\/\/ispmacia-ers.infd.edu.ar\/sitio\/wp-content\/uploads\/2022\/04\/WhatsApp-Image-2022-04-01-at-10.01.35-PM.jpeg 1600w, https:\/\/ispmacia-ers.infd.edu.ar\/sitio\/wp-content\/uploads\/2022\/04\/WhatsApp-Image-2022-04-01-at-10.01.35-PM-1000x750.jpeg 1000w, https:\/\/ispmacia-ers.infd.edu.ar\/sitio\/wp-content\/uploads\/2022\/04\/WhatsApp-Image-2022-04-01-at-10.01.35-PM-768x576.jpeg 768w, https:\/\/ispmacia-ers.infd.edu.ar\/sitio\/wp-content\/uploads\/2022\/04\/WhatsApp-Image-2022-04-01-at-10.01.35-PM-1536x1152.jpeg 1536w\" sizes=\"(max-width: 1600px) 100vw, 1600px\" \/><\/figure>\n\n\n\n<p>Adjuntamos para descargar el trabajo de investigaci\u00f3n realizado por la alumna Dana Kerbs sobre la historia del instituto: <a href=\"https:\/\/drive.google.com\/file\/d\/1-NWImg9-cRKT-m-UKjka5b6Nc2hJidBf\/view?usp=share_link\" data-type=\"URL\" data-id=\"https:\/\/drive.google.com\/file\/d\/1-NWImg9-cRKT-m-UKjka5b6Nc2hJidBf\/view?usp=share_link\" target=\"_blank\" rel=\"noreferrer noopener\">Breve recorrido hist\u00f3rico del Instituto Superior de Formaci\u00f3n Docente \u201cSalvador Maci\u00e1\u201d.<\/a><\/p>\n","protected":false},"excerpt":{"rendered":"<p>Esta instituci\u00f3n educativa surge en el a\u00f1o 1990, bajo el Decreto N\u00b0 0980, donde se establece la apertura de dicha instituci\u00f3n de nivel superior llamado Instituto Superior del Profesorado para la Ense\u00f1anza Primaria, funcionando en el 1er edificio de la Escuela N\u00b0 62 \u201cDr. Delio Panizza\u201d. Esta iniciativa promovida por un grupo de docentes de &#8230; <a title=\"Historia\" class=\"read-more\" href=\"https:\/\/ispmacia-ers.infd.edu.ar\/sitio\/historia\/\" aria-label=\"More on Historia\">[+]<\/a><\/p>\n","protected":false},"author":79,"featured_media":0,"parent":0,"menu_order":0,"comment_status":"closed","ping_status":"closed","template":"","meta":[],"acf":[],"_links":{"self":[{"href":"https:\/\/ispmacia-ers.infd.edu.ar\/sitio\/wp-json\/wp\/v2\/pages\/779"}],"collection":[{"href":"https:\/\/ispmacia-ers.infd.edu.ar\/sitio\/wp-json\/wp\/v2\/pages"}],"about":[{"href":"https:\/\/ispmacia-ers.infd.edu.ar\/sitio\/wp-json\/wp\/v2\/types\/page"}],"author":[{"embeddable":true,"href":"https:\/\/ispmacia-ers.infd.edu.ar\/sitio\/wp-json\/wp\/v2\/users\/79"}],"replies":[{"embeddable":true,"href":"https:\/\/ispmacia-ers.infd.edu.ar\/sitio\/wp-json\/wp\/v2\/comments?post=779"}],"version-history":[{"count":3,"href":"https:\/\/ispmacia-ers.infd.edu.ar\/sitio\/wp-json\/wp\/v2\/pages\/779\/revisions"}],"predecessor-version":[{"id":1044,"href":"https:\/\/ispmacia-ers.infd.edu.ar\/sitio\/wp-json\/wp\/v2\/pages\/779\/revisions\/1044"}],"wp:attachment":[{"href":"https:\/\/ispmacia-ers.infd.edu.ar\/sitio\/wp-json\/wp\/v2\/media?parent=779"}],"curies":[{"name":"wp","href":"https:\/\/api.w.org\/{rel}","templated":true}]}}