{"id":923,"date":"2021-07-30T19:17:20","date_gmt":"2021-07-30T22:17:20","guid":{"rendered":"https:\/\/ispmacia-ers.infd.edu.ar\/sitio\/?page_id=923"},"modified":"2022-11-07T20:16:02","modified_gmt":"2022-11-07T23:16:02","slug":"plan-de-estudios-primaria","status":"publish","type":"page","link":"https:\/\/ispmacia-ers.infd.edu.ar\/sitio\/plan-de-estudios-primaria\/","title":{"rendered":"Plan de Estudios Primaria"},"content":{"rendered":"\n<figure class=\"wp-block-image size-large\"><img decoding=\"async\" loading=\"lazy\" width=\"713\" height=\"439\" src=\"https:\/\/ispmacia-ers.infd.edu.ar\/sitio\/wp-content\/uploads\/2022\/11\/plan-primaria.jpg\" alt=\"\" class=\"wp-image-1036\"\/><\/figure>\n\n\n\n<p><\/p>\n\n\n\n<p>Haga clic <a rel=\"noreferrer noopener\" href=\"https:\/\/drive.google.com\/file\/d\/1XSY7S1IK6-e9BKM2WFBdTz4a4rBakNU3\/view?usp=sharing\" target=\"_blank\">aqu\u00ed<\/a> para descargar el dise\u00f1o curricular por Resoluci\u00f3n 4170\/14 del Consejo General de Educaci\u00f3n.<\/p>\n","protected":false},"excerpt":{"rendered":"<p>Haga clic aqu\u00ed para descargar el dise\u00f1o curricular por Resoluci\u00f3n 4170\/14 del Consejo General de Educaci\u00f3n.<\/p>\n","protected":false},"author":17,"featured_media":0,"parent":0,"menu_order":0,"comment_status":"closed","ping_status":"closed","template":"","meta":[],"acf":[],"_links":{"self":[{"href":"https:\/\/ispmacia-ers.infd.edu.ar\/sitio\/wp-json\/wp\/v2\/pages\/923"}],"collection":[{"href":"https:\/\/ispmacia-ers.infd.edu.ar\/sitio\/wp-json\/wp\/v2\/pages"}],"about":[{"href":"https:\/\/ispmacia-ers.infd.edu.ar\/sitio\/wp-json\/wp\/v2\/types\/page"}],"author":[{"embeddable":true,"href":"https:\/\/ispmacia-ers.infd.edu.ar\/sitio\/wp-json\/wp\/v2\/users\/17"}],"replies":[{"embeddable":true,"href":"https:\/\/ispmacia-ers.infd.edu.ar\/sitio\/wp-json\/wp\/v2\/comments?post=923"}],"version-history":[{"count":3,"href":"https:\/\/ispmacia-ers.infd.edu.ar\/sitio\/wp-json\/wp\/v2\/pages\/923\/revisions"}],"predecessor-version":[{"id":1037,"href":"https:\/\/ispmacia-ers.infd.edu.ar\/sitio\/wp-json\/wp\/v2\/pages\/923\/revisions\/1037"}],"wp:attachment":[{"href":"https:\/\/ispmacia-ers.infd.edu.ar\/sitio\/wp-json\/wp\/v2\/media?parent=923"}],"curies":[{"name":"wp","href":"https:\/\/api.w.org\/{rel}","templated":true}]}}