{"id":969,"date":"2022-04-13T19:56:26","date_gmt":"2022-04-13T22:56:26","guid":{"rendered":"https:\/\/ispmacia-ers.infd.edu.ar\/sitio\/?page_id=969"},"modified":"2022-11-07T20:18:33","modified_gmt":"2022-11-07T23:18:33","slug":"plan-de-estudio-profesorado-lengua-y-literatura","status":"publish","type":"page","link":"https:\/\/ispmacia-ers.infd.edu.ar\/sitio\/plan-de-estudio-profesorado-lengua-y-literatura\/","title":{"rendered":"Plan de Estudio Profesorado Lengua y Literatura"},"content":{"rendered":"\n<p><\/p>\n\n\n\n<figure class=\"wp-block-image size-large\"><img decoding=\"async\" loading=\"lazy\" width=\"783\" height=\"512\" src=\"https:\/\/ispmacia-ers.infd.edu.ar\/sitio\/wp-content\/uploads\/2022\/11\/plan-lengua.jpg\" alt=\"\" class=\"wp-image-1038\" srcset=\"https:\/\/ispmacia-ers.infd.edu.ar\/sitio\/wp-content\/uploads\/2022\/11\/plan-lengua.jpg 783w, https:\/\/ispmacia-ers.infd.edu.ar\/sitio\/wp-content\/uploads\/2022\/11\/plan-lengua-768x502.jpg 768w\" sizes=\"(max-width: 783px) 100vw, 783px\" \/><\/figure>\n\n\n\n<p>Haga clic\u00a0<a rel=\"noreferrer noopener\" href=\"https:\/\/drive.google.com\/file\/d\/1bG14Kwhl4b46jmDVAv25QYI38NbsGc-8\/view?usp=sharing\" target=\"_blank\">aqu\u00ed<\/a>\u00a0para descargar el dise\u00f1o curricular seg\u00fan Resoluci\u00f3n 0759\/14 del Consejo General de Educaci\u00f3n.<\/p>\n","protected":false},"excerpt":{"rendered":"<p>Haga clic\u00a0aqu\u00ed\u00a0para descargar el dise\u00f1o curricular seg\u00fan Resoluci\u00f3n 0759\/14 del Consejo General de Educaci\u00f3n.<\/p>\n","protected":false},"author":17,"featured_media":0,"parent":0,"menu_order":0,"comment_status":"closed","ping_status":"closed","template":"","meta":[],"acf":[],"_links":{"self":[{"href":"https:\/\/ispmacia-ers.infd.edu.ar\/sitio\/wp-json\/wp\/v2\/pages\/969"}],"collection":[{"href":"https:\/\/ispmacia-ers.infd.edu.ar\/sitio\/wp-json\/wp\/v2\/pages"}],"about":[{"href":"https:\/\/ispmacia-ers.infd.edu.ar\/sitio\/wp-json\/wp\/v2\/types\/page"}],"author":[{"embeddable":true,"href":"https:\/\/ispmacia-ers.infd.edu.ar\/sitio\/wp-json\/wp\/v2\/users\/17"}],"replies":[{"embeddable":true,"href":"https:\/\/ispmacia-ers.infd.edu.ar\/sitio\/wp-json\/wp\/v2\/comments?post=969"}],"version-history":[{"count":4,"href":"https:\/\/ispmacia-ers.infd.edu.ar\/sitio\/wp-json\/wp\/v2\/pages\/969\/revisions"}],"predecessor-version":[{"id":1039,"href":"https:\/\/ispmacia-ers.infd.edu.ar\/sitio\/wp-json\/wp\/v2\/pages\/969\/revisions\/1039"}],"wp:attachment":[{"href":"https:\/\/ispmacia-ers.infd.edu.ar\/sitio\/wp-json\/wp\/v2\/media?parent=969"}],"curies":[{"name":"wp","href":"https:\/\/api.w.org\/{rel}","templated":true}]}}